{"id":14,"date":"2020-05-10T10:14:31","date_gmt":"2020-05-10T10:14:31","guid":{"rendered":"http:\/\/test.bootsclub-rummelsburg.de\/?page_id=14"},"modified":"2020-05-18T13:02:21","modified_gmt":"2020-05-18T13:02:21","slug":"kursangebot-fuer-alle","status":"publish","type":"page","link":"http:\/\/test.bootsclub-rummelsburg.de\/?page_id=14","title":{"rendered":"Wassersport f\u00fcr alle"},"content":{"rendered":"\n<p>Segeln und Stand-up-paddling (SUP) sind sehr abwechslungsreiche, naturnahe und naturfreundliche Sportart. Sie k\u00f6nnen sowohl erholungs- als auch wettkampforientiert ausge\u00fcbt werden. Berlin bietet mit seiner wasserreichen Umgebung ein ideales Umfeld f\u00fcr das Segeln. In der Innenstadt gibt es allerdings nur ein einziges Gew\u00e4sser, auf dem Segeln gelernt und ge\u00fcbt werden kann: die Rummelsburger Bucht. Nur wenige Minuten von der S-Bahn Ostkreuz entfernt, wollen wir den Zugang zum Wasser auch der Allgemeinheit und unabh\u00e4ngig von einer Vereinsmitgliedschaft erm\u00f6glichen.<\/p>\n\n\n\n<p>Sind die Kenntnisse vorhanden, bieten wir die M\u00f6glichkeit ab unserem Steg Wassersport zu betreiben: Jollen, Optimisten und Boards f\u00fcr Stand-Up-Paddling k\u00f6nnen ausgeliehen werden. All dies ist unabh\u00e4ngig von einer Vereinsmitgliedschaft. Vereinsmitglieder erhalten bei den Kursen und dem Verleih Erm\u00e4\u00dfigungen. Das gesamte, aktuelle Kurs- und Verleihangebot mit Details ist hier ver\u00f6ffentlicht: <a rel=\"noreferrer noopener\" href=\"http:\/\/www.segelschule-rummelsburg.de\/\" target=\"_blank\">www.segelschule-rummelsburg.de<\/a>.<\/p>\n\n\n\n<p><a href=\"http:\/\/KinderJugend\">Kinder- und Jugendkurse<\/a><\/p>\n\n\n\n<p><a href=\"http:\/\/Erwach\">Erwachsenenkurse<\/a><\/p>\n\n\n\n<p><a href=\"http:\/\/SUP\">Stand Up Paddling<\/a><\/p>\n\n\n\n<div class=\"is-layout-flow wp-block-group\"><div class=\"wp-block-group__inner-container\">\n<figure class=\"is-layout-flex wp-block-gallery-1 wp-block-gallery columns-2 is-cropped\"><ul class=\"blocks-gallery-grid\"><li class=\"blocks-gallery-item\"><figure><img decoding=\"async\" loading=\"lazy\" width=\"307\" height=\"289\" src=\"http:\/\/test.bootsclub-rummelsburg.de\/wp-content\/uploads\/2020\/05\/Segelschule2.jpg\" alt=\"\" data-id=\"108\" data-link=\"http:\/\/test.bootsclub-rummelsburg.de\/?attachment_id=108\" class=\"wp-image-108\" srcset=\"http:\/\/test.bootsclub-rummelsburg.de\/wp-content\/uploads\/2020\/05\/Segelschule2.jpg 307w, http:\/\/test.bootsclub-rummelsburg.de\/wp-content\/uploads\/2020\/05\/Segelschule2-300x282.jpg 300w\" sizes=\"(max-width: 307px) 100vw, 307px\" \/><\/figure><\/li><li class=\"blocks-gallery-item\"><figure><img decoding=\"async\" loading=\"lazy\" width=\"507\" height=\"480\" src=\"http:\/\/test.bootsclub-rummelsburg.de\/wp-content\/uploads\/2020\/05\/SUP-1.png\" alt=\"\" data-id=\"109\" data-full-url=\"http:\/\/test.bootsclub-rummelsburg.de\/wp-content\/uploads\/2020\/05\/SUP-1.png\" data-link=\"http:\/\/test.bootsclub-rummelsburg.de\/?attachment_id=109\" class=\"wp-image-109\" srcset=\"http:\/\/test.bootsclub-rummelsburg.de\/wp-content\/uploads\/2020\/05\/SUP-1.png 507w, http:\/\/test.bootsclub-rummelsburg.de\/wp-content\/uploads\/2020\/05\/SUP-1-300x284.png 300w\" sizes=\"(max-width: 507px) 100vw, 507px\" \/><\/figure><\/li><\/ul><\/figure>\n<\/div><\/div>\n\n\n\n<p> Wir bieten in Zusammenarbeit mit Susanne B\u00f6hm und ihrer Segelschule verschiedene Segelkurse f\u00fcr Gro\u00df und Klein an. Unterrichtet wird von erfahrenen Segellehrern nach den Richtlinien des Verbandes Deutscher Windsurf \u2013 und Wassersport Schulen (VDWS). Bei Interesse und f\u00fcr weitergehende Informationen bitte bei unserer Segellehrerin Susanne B\u00f6hm \u201eSooza\u201c melden: Telefon 0177-4440437 (Sooza), Mail&nbsp;<a rel=\"noreferrer noopener\" href=\"https:\/\/3c.web.de\/mail\/client\/mail\/compose\/info@segelschule-rummelsburg.de\" target=\"_blank\">info@segelschule-rummelsburg.de<\/a>&nbsp;.<\/p>\n\n\n\n<p>Das gesamte, aktuelle  Kurs- und Verleihangebot mit Details ist hier ver\u00f6ffentlicht: <a rel=\"noreferrer noopener\" href=\"http:\/\/www.segelschule-rummelsburg.de\/\" target=\"_blank\">www.segelschule-rummelsburg.de<\/a>.<\/p>\n\n\n\n<h2 id=\"KinderJugend\"><strong><u>Kinder- und Jugendkurse<\/u><\/strong><\/h2>\n\n\n\n<div class=\"is-layout-flow wp-block-group\"><div class=\"wp-block-group__inner-container\">\n<figure class=\"wp-block-image size-large\"><img decoding=\"async\" loading=\"lazy\" width=\"470\" height=\"321\" src=\"http:\/\/test.bootsclub-rummelsburg.de\/wp-content\/uploads\/2020\/05\/Kindersegeln_k.jpg\" alt=\"\" class=\"wp-image-111\" srcset=\"http:\/\/test.bootsclub-rummelsburg.de\/wp-content\/uploads\/2020\/05\/Kindersegeln_k.jpg 470w, http:\/\/test.bootsclub-rummelsburg.de\/wp-content\/uploads\/2020\/05\/Kindersegeln_k-300x205.jpg 300w\" sizes=\"(max-width: 470px) 100vw, 470px\" \/><\/figure>\n<\/div><\/div>\n\n\n\n<p>Der Hauptschwerpunkt liegt beim Kinder- und Jugendsegeln auf Optimisten und Jollen. F\u00fcr die Entwicklung der Kinder ist es hilfreich, wenn sie neben dem Schulalltag ihrem nat\u00fcrlichen Bewegungsdrang folgen k\u00f6nnen und die M\u00f6glichkeit haben, verschiedene sportliche Aktivit\u00e4ten auszuprobieren. Segeln ist eine sehr vielseitige Sportart. Sie ist leicht zu erlernen und trainiert zugleich sehr verschiedene Kompetenzen wie z.B. Teamwork, Geschicklichkeit, Orientierungs- und Reaktionsverm\u00f6gen, naturkundliche und \u00f6kologische Kenntnisse, Beobachtungsgabe f\u00fcr Naturph\u00e4nomene, praktisches technisches und physikalisches Wissen, verantwortungsvolles und entscheidungsbereites Handeln, soziales und gruppendienliches Verhalten.<\/p>\n\n\n\n<p>Die Kurse sind modular aufgebaut vom Schnuppersegeln bis zum Segelclub. Neben den Wochenendkursen sind vor allem auch die Block-Ferienkurse (teilw. in Verbindung mit Englisch-Nachhilfe) in Rummelsburg oder auch in einem Feriencamp au\u00dferhalb Berlins sehr beliebt. In Kooperation mit einzelnen Schulen bieten wir Schulsegeln an.<\/p>\n\n\n\n<p>Das gesamte, aktuelle Kurs- und Verleihangebot mit Details ist hier ver\u00f6ffentlicht: <a rel=\"noreferrer noopener\" href=\"http:\/\/www.segelschule-rummelsburg.de\/\" target=\"_blank\">www.segelschule-rummelsburg.de<\/a>.<\/p>\n\n\n\n<h2 id=\"Erwachsene\"><strong><u>Erwachsenenkurse<\/u><\/strong><\/h2>\n\n\n\n<figure class=\"wp-block-image size-large\"><img decoding=\"async\" loading=\"lazy\" width=\"510\" height=\"382\" src=\"http:\/\/test.bootsclub-rummelsburg.de\/wp-content\/uploads\/2020\/05\/SegelnErw.jpg\" alt=\"\" class=\"wp-image-110\" srcset=\"http:\/\/test.bootsclub-rummelsburg.de\/wp-content\/uploads\/2020\/05\/SegelnErw.jpg 510w, http:\/\/test.bootsclub-rummelsburg.de\/wp-content\/uploads\/2020\/05\/SegelnErw-300x225.jpg 300w\" sizes=\"(max-width: 510px) 100vw, 510px\" \/><\/figure>\n\n\n\n<p>F\u00fcr Erwachsene werden die g\u00e4ngigen amtlichen Scheine angeboten. Sowohl Theorie als auch Praxis finden in Rummelsburg statt. Wir sind&nbsp;sehr stolz darauf, dass bisher alle Sch\u00fcler die amtlichen Pr\u00fcfungen bestanden haben! Das soll nicht hei\u00dfen, dass bei uns die Scheine leicht zu erhalten sind. Es sind die gleiche Theorie zu lernen und die gleichen Man\u00f6ver vorzufahren. Aber der Lernstoff wird so vermittelt, dass er verst\u00e4ndlich ist und&nbsp;die Praxis so ge\u00fcbt, dass sie sitzt.&nbsp;Die wichtigsten sind<\/p>\n\n\n\n<p><strong>Binnenschein-Kurs Motor\/Segel:<\/strong>&nbsp;&nbsp;<br>F\u00fcr alle, die mit mehr als 15 PS und\/oder mehr als 3 qm Segelfl\u00e4che auf Binnengew\u00e4sser unterwegs sind. Wir empfehlen den Kurs allen Bootsbesitzern um ein fundiertes Wissen zu haben.<\/p>\n\n\n\n<p><strong>Funk-Kurs SRC\/UBI:<\/strong><br>Leider unabdingbar, wer tags\u00fcber durch die Berliner Innenstadt will.<br>&nbsp;<\/p>\n\n\n\n<p><strong>Motorbootkurs bis 15 PS:<\/strong><br>Bis 15 PS ist kein Binnenschein erforderlich. Wer den Umgang mit einem kleinen Motorboot erlernen m\u00f6chte oder vorhandene Kenntnisse auffrischen will, ist hier genau richtig. An -und Ablegeman\u00f6ver, Person-\u00fcber-Bord-Man\u00f6ver, Antriebstechnik, Wetterkunde, Verkehrsregeln, Umweltschutz sind in diesem vierst\u00fcndigen Kurs die Schwerpunkte.<br><br><strong>Sportbootf\u00fchrerschein See\/SKS-Schein:<\/strong><br>Wenn es auf die Ostsee oder in andere Gew\u00e4sser ausserhalb des Geltungsbreichs des Binnenscheins gehen soll.<\/p>\n\n\n\n<p>Die aktuellen Zeiten mit Details und Kalender sind hier ver\u00f6ffentlicht: <a rel=\"noreferrer noopener\" href=\"http:\/\/www.segelschule-rummelsburg.de\/\" target=\"_blank\">www.segelschule-rummelsburg.de<\/a><\/p>\n\n\n\n<h2 id=\"SUP\"><strong><u>Stand Up Paddling<\/u><\/strong><\/h2>\n\n\n\n<figure class=\"wp-block-image size-large is-resized\"><img decoding=\"async\" loading=\"lazy\" src=\"http:\/\/test.bootsclub-rummelsburg.de\/wp-content\/uploads\/2020\/05\/sup-05-1.jpg\" alt=\"\" class=\"wp-image-131\" width=\"600\" height=\"450\" srcset=\"http:\/\/test.bootsclub-rummelsburg.de\/wp-content\/uploads\/2020\/05\/sup-05-1.jpg 800w, http:\/\/test.bootsclub-rummelsburg.de\/wp-content\/uploads\/2020\/05\/sup-05-1-300x225.jpg 300w, http:\/\/test.bootsclub-rummelsburg.de\/wp-content\/uploads\/2020\/05\/sup-05-1-768x576.jpg 768w, http:\/\/test.bootsclub-rummelsburg.de\/wp-content\/uploads\/2020\/05\/sup-05-1-624x468.jpg 624w\" sizes=\"(max-width: 600px) 100vw, 600px\" \/><\/figure>\n\n\n\n<p>Stand Up Paddling \u2013 ein neuer Trendsport erobert die Gew\u00e4sser, der urspr\u00fcnglich auf polynesische Fischer zur\u00fcckzuf\u00fchren ist, die sich in ihren Kanus stehend auf dem Meer fortbewegten.<\/p>\n\n\n\n<p>Stand up Paddling \/ SUP ist sehr leicht zu erlernen und mit verschiedenen \u00dcbungs- und Spielformen eignet Ihr Euch hier unter professioneller Anleitung die Grundelemente des Stand Up Paddling an. Verschiedene Kurse sind im Angebot, details unter <a href=\"https:\/\/www.segelschule-rummelsburg.de\/stand-up-paddling-in-berlin\/\"><\/a><a rel=\"noreferrer noopener\" href=\"http:\/\/www.segelschule-rummelsburg.de\/\" target=\"_blank\">www.segelschule-rummelsburg.de<\/a>.<\/p>\n\n\n\n<p><strong>SUP Basics<\/strong><br>Mit verschiedenen \u00dcbungs- und Spielformen erlernen Sie hier unter professioneller Anleitung die Grundelemente des Stand Up Paddlings.&nbsp;<\/p>\n\n\n\n<p><strong>SUP Yoga<\/strong><br>Hier wird das Board zur schwimmenden \u201eYogamatte\u201c: Die \u00e4ussere Instabilit\u00e4t st\u00e4rkt automatisch die innere Balance.<\/p>\n\n\n\n<p><strong>SUP Fortgeschritten<\/strong><br>Du f\u00fchlst Dich sicher auf dem Board und willst mehr Tricks erlernen?<\/p>\n\n\n\n<p><strong>SUP R\u00fcckenschule<\/strong><br>Dieser ist ein ganzheitliches Kursprogramm. R\u00fccken- und Rumpfmuskulator werden gest\u00e4rkt, gestreckt, gereckt, gedehnt und aufgebaut.&nbsp;<\/p>\n\n\n\n<p><strong>SUP Fitness<\/strong><br>Dieser Kurs ist ein Ganz-K\u00f6rper-Workout. Durch das st\u00e4ndige Ausbalancieren werden Beine und Tiefenmuskulatur im Rumpf intensiv trainiert.&nbsp;<\/p>\n\n\n\n<p><strong>SUP R\u00fcckbildungskurs<\/strong><br>Bei diesem intensiven Workout werden die Tiefenmuskulatur und der Beckenboden trainiert und gest\u00e4rkt.<\/p>\n\n\n\n<p>Das gesamte, aktuelle Kurs- und Verleihangebot mit Details ist hier ver\u00f6ffentlicht: <a rel=\"noreferrer noopener\" href=\"http:\/\/www.segelschule-rummelsburg.de\/\" target=\"_blank\">www.segelschule-rummelsburg.de<\/a>.<\/p>\n","protected":false},"excerpt":{"rendered":"<p>Segeln und Stand-up-paddling (SUP) sind sehr abwechslungsreiche, naturnahe und naturfreundliche Sportart. Sie k\u00f6nnen sowohl erholungs- als auch wettkampforientiert ausge\u00fcbt werden. Berlin bietet mit seiner wasserreichen Umgebung ein ideales Umfeld f\u00fcr das Segeln. In der Innenstadt gibt es allerdings nur ein einziges Gew\u00e4sser, auf dem Segeln gelernt und ge\u00fcbt werden kann: die Rummelsburger Bucht. Nur wenige [&hellip;]<\/p>\n","protected":false},"author":2,"featured_media":0,"parent":0,"menu_order":3,"comment_status":"closed","ping_status":"closed","template":"","meta":[],"_links":{"self":[{"href":"http:\/\/test.bootsclub-rummelsburg.de\/index.php?rest_route=\/wp\/v2\/pages\/14"}],"collection":[{"href":"http:\/\/test.bootsclub-rummelsburg.de\/index.php?rest_route=\/wp\/v2\/pages"}],"about":[{"href":"http:\/\/test.bootsclub-rummelsburg.de\/index.php?rest_route=\/wp\/v2\/types\/page"}],"author":[{"embeddable":true,"href":"http:\/\/test.bootsclub-rummelsburg.de\/index.php?rest_route=\/wp\/v2\/users\/2"}],"replies":[{"embeddable":true,"href":"http:\/\/test.bootsclub-rummelsburg.de\/index.php?rest_route=%2Fwp%2Fv2%2Fcomments&post=14"}],"version-history":[{"count":22,"href":"http:\/\/test.bootsclub-rummelsburg.de\/index.php?rest_route=\/wp\/v2\/pages\/14\/revisions"}],"predecessor-version":[{"id":142,"href":"http:\/\/test.bootsclub-rummelsburg.de\/index.php?rest_route=\/wp\/v2\/pages\/14\/revisions\/142"}],"wp:attachment":[{"href":"http:\/\/test.bootsclub-rummelsburg.de\/index.php?rest_route=%2Fwp%2Fv2%2Fmedia&parent=14"}],"curies":[{"name":"wp","href":"https:\/\/api.w.org\/{rel}","templated":true}]}}