{"id":20,"date":"2020-05-10T10:14:47","date_gmt":"2020-05-10T10:14:47","guid":{"rendered":"http:\/\/test.bootsclub-rummelsburg.de\/?page_id=20"},"modified":"2020-05-18T10:47:52","modified_gmt":"2020-05-18T10:47:52","slug":"mitgliedschaft-im-bcr-e-v","status":"publish","type":"page","link":"http:\/\/test.bootsclub-rummelsburg.de\/?page_id=20","title":{"rendered":"Mitgliedschaft"},"content":{"rendered":"\n<p>Inmitten von Berlin zu wohnen und gleichzeitig Wassersport vor der eigenen Haust\u00fcr zu betreiben, ist seit Jahrhunderten beliebt auf dem Rummelsburger See. Der Bootsclub Rummelsburg e.V. f\u00f6rdert dies im Rahmen seiner M\u00f6glichkeiten. Wir nehmen selbstverst\u00e4ndlich auf die Belange der Anwohner und der Umwelt R\u00fccksicht, was verschiedenen Auflagen und Einschr\u00e4nkungen mit sich bringt. Unser Steg verf\u00fcgt weder \u00fcber Strom-\/Leitungswasseranschluss, noch einer direkten PKW-Zufahrt- oder Parkm\u00f6glichkeit. Wir haben keine Slipanlage. Gastliegepl\u00e4tze f\u00fcr Wassersport-Touristen sind an unserem Steg nicht vorhanden. Hierf\u00fcr gibt es umliegend ca. 50 m \u00f6stlich einen kostenfreien Tagesliegeplatz und kostenpflichtige Pl\u00e4tze bei https:\/\/hansa-werft.de und bei http:\/\/www.citymarina-berlin.de. Gastliegepl\u00e4tze sind an unserem Steg nur in Ausnahmef\u00e4llen, kurzzeitig und unter seemannschaftlichen Gesichtspunkten m\u00f6glich. <\/p>\n\n\n\n<p>Die regul\u00e4ren Mitglieder des Bootsclub Rummelsburg e. V. haben den Stegbau finanziert und damit ein festes Liegeplatznutzungsrecht erworben. Der Steg incl. Liegepl\u00e4tze geh\u00f6rt dem Verein. Es wird kein Liegeplatz verkauft oder vermietet, sondern lediglich ein Nutzungsrecht vergeben. F\u00fcr die Neuvergabe eines freiwerdenden Liegeplatzes f\u00fchrt der Vorstand eine Warteliste. F\u00fcr die Aufnahme auf die Warteliste fallen einmalig 50 Euro an. Eine sp\u00e4tere regul\u00e4re Mitgliedschaft ist dadurch nicht garantiert.<\/p>\n\n\n\n<p>Voraussetzung f\u00fcr die regul\u00e4re Mitgliedschaft im Bootsclub Rummelsburg e.V. ist der Wohnort oder zumindest Eigentum fu\u00dfl\u00e4ufig in Rummelsburg sowie ein zugeteiltes Liegeplatznutzungsrecht. Sofern ein regul\u00e4res Mitglied seinen Platz nicht selbst nutzt und \u00fcberl\u00e4sst, kann im Rahmen einer Assoziierten Mitgliedschaft ein Liegeplatz \u00fcberlassen werden. Aufgrund der mangelnden Parkplatz-Situation m\u00fcssen wir allen Anfragenden ohne Wohnsitz in Rummelsburg eine Absage erteilen. Das assoziierte Mitglied \u00fcbernimmt vom regul\u00e4ren Mitglied die laufenden Kosten (insb. Instandhaltung, Versicherung, Wasserpacht) und zahlt einen zus\u00e4tzlichen j\u00e4hrlichen Grundbeitrag von 180 Euro, mit dem gemeinn\u00fctzige Aktivit\u00e4ten finanziert werden. Beide Beitr\u00e4ge werden j\u00e4hrlich in der Mitgliederversammlung festgelegt. Die Mitgliedsbeitr\u00e4ge beinhalten alle Haushaltsangeh\u00f6rigen. Wird das Boot von mehreren Haushalten genutzt, f\u00e4llt jeweils ein weiterer Grundbeitrag an.<\/p>\n\n\n\n<p>Die Liegeplatzkosten sind niedriger als bei einer gewerblichen Anmietung, da unser Verein ehrenamtlich und nicht profitorientiert gef\u00fchrt wird. Dies setzt jedoch auch das Engagement eines jeden Mitglieds voraus, weshalb Pflicht-Arbeitsstunden anfallen. Seemannschaft ist f\u00fcr uns wichtig! Unsere Mitglieder sind offen, tolerant, freundschaftlich verbunden, helfen sich gegenseitig, achten auf ihre Boote und die Umwelt. Circa die H\u00e4lte der Boote werden von mehreren Haushalten genutzt. Sollten Sie fu\u00dfl\u00e4ufig wohnen, Interesse an einer Boots-Mitnutzung haben oder sich auf die Warteliste setzen wollen, schicken Sie uns eine E-Mail mit folgenden Angaben: Name aller Haushaltsangeh\u00f6rigen, Geburtstag, Wohnort sowie (falls vorhanden) Foto und Angaben Ihres Bootes bzw. des Bootstyps, der Sie interessiert.<\/p>\n\n\n\n<p>Ein wesentlicher Bestandteil unseres Vereins ist die Unterst\u00fctzung der Segelschule Pura Vida, \u00fcber die wir den Steg freiwillig der Allgemeinheit ohne eine Vereinsmitgliedschaft \u00f6ffnen und sicherstellen, dass die seemannschaftlichen Werte eingehalten und weitervermittelt werden. Insbesondere die Kinder- und Jugendarbeit liegt uns dabei am Herzen.<\/p>\n\n\n\n<p>Bez\u00fcglich einer Vereinsmitgliedschaft wenden Sie sich bitte per Mail an Matthias Schuknecht (Vorsitzender):\u00a0<a href=\"mailto:bootsclub.rummelsburg@web.de\">bootsclub.rummelsburg@web.de<\/a>.<\/p>\n","protected":false},"excerpt":{"rendered":"<p>Inmitten von Berlin zu wohnen und gleichzeitig Wassersport vor der eigenen Haust\u00fcr zu betreiben, ist seit Jahrhunderten beliebt auf dem Rummelsburger See. Der Bootsclub Rummelsburg e.V. f\u00f6rdert dies im Rahmen seiner M\u00f6glichkeiten. Wir nehmen selbstverst\u00e4ndlich auf die Belange der Anwohner und der Umwelt R\u00fccksicht, was verschiedenen Auflagen und Einschr\u00e4nkungen mit sich bringt. Unser Steg verf\u00fcgt [&hellip;]<\/p>\n","protected":false},"author":2,"featured_media":0,"parent":0,"menu_order":4,"comment_status":"closed","ping_status":"closed","template":"","meta":[],"_links":{"self":[{"href":"http:\/\/test.bootsclub-rummelsburg.de\/index.php?rest_route=\/wp\/v2\/pages\/20"}],"collection":[{"href":"http:\/\/test.bootsclub-rummelsburg.de\/index.php?rest_route=\/wp\/v2\/pages"}],"about":[{"href":"http:\/\/test.bootsclub-rummelsburg.de\/index.php?rest_route=\/wp\/v2\/types\/page"}],"author":[{"embeddable":true,"href":"http:\/\/test.bootsclub-rummelsburg.de\/index.php?rest_route=\/wp\/v2\/users\/2"}],"replies":[{"embeddable":true,"href":"http:\/\/test.bootsclub-rummelsburg.de\/index.php?rest_route=%2Fwp%2Fv2%2Fcomments&post=20"}],"version-history":[{"count":5,"href":"http:\/\/test.bootsclub-rummelsburg.de\/index.php?rest_route=\/wp\/v2\/pages\/20\/revisions"}],"predecessor-version":[{"id":102,"href":"http:\/\/test.bootsclub-rummelsburg.de\/index.php?rest_route=\/wp\/v2\/pages\/20\/revisions\/102"}],"wp:attachment":[{"href":"http:\/\/test.bootsclub-rummelsburg.de\/index.php?rest_route=%2Fwp%2Fv2%2Fmedia&parent=20"}],"curies":[{"name":"wp","href":"https:\/\/api.w.org\/{rel}","templated":true}]}}