{"id":80,"date":"2020-05-17T08:07:43","date_gmt":"2020-05-17T08:07:43","guid":{"rendered":"http:\/\/test.bootsclub-rummelsburg.de\/?page_id=80"},"modified":"2020-05-18T12:57:28","modified_gmt":"2020-05-18T12:57:28","slug":"lage","status":"publish","type":"page","link":"http:\/\/test.bootsclub-rummelsburg.de\/?page_id=80","title":{"rendered":"Lage"},"content":{"rendered":"\n<p>Berlin bietet mit seiner wasserreichen Umgebung ein ideales Umfeld f\u00fcr das Segeln und Wassersprot. In der Innenstadt gibt es allerdings nur ein einziges Gew\u00e4sser, auf dem Segeln gelernt und ge\u00fcbt werden kann: die Rummelsburger Bucht.<\/p>\n","protected":false},"excerpt":{"rendered":"<p>Berlin bietet mit seiner wasserreichen Umgebung ein ideales Umfeld f\u00fcr das Segeln und Wassersprot. In der Innenstadt gibt es allerdings nur ein einziges Gew\u00e4sser, auf dem Segeln gelernt und ge\u00fcbt werden kann: die Rummelsburger Bucht.<\/p>\n","protected":false},"author":2,"featured_media":0,"parent":0,"menu_order":0,"comment_status":"closed","ping_status":"closed","template":"","meta":[],"_links":{"self":[{"href":"http:\/\/test.bootsclub-rummelsburg.de\/index.php?rest_route=\/wp\/v2\/pages\/80"}],"collection":[{"href":"http:\/\/test.bootsclub-rummelsburg.de\/index.php?rest_route=\/wp\/v2\/pages"}],"about":[{"href":"http:\/\/test.bootsclub-rummelsburg.de\/index.php?rest_route=\/wp\/v2\/types\/page"}],"author":[{"embeddable":true,"href":"http:\/\/test.bootsclub-rummelsburg.de\/index.php?rest_route=\/wp\/v2\/users\/2"}],"replies":[{"embeddable":true,"href":"http:\/\/test.bootsclub-rummelsburg.de\/index.php?rest_route=%2Fwp%2Fv2%2Fcomments&post=80"}],"version-history":[{"count":2,"href":"http:\/\/test.bootsclub-rummelsburg.de\/index.php?rest_route=\/wp\/v2\/pages\/80\/revisions"}],"predecessor-version":[{"id":138,"href":"http:\/\/test.bootsclub-rummelsburg.de\/index.php?rest_route=\/wp\/v2\/pages\/80\/revisions\/138"}],"wp:attachment":[{"href":"http:\/\/test.bootsclub-rummelsburg.de\/index.php?rest_route=%2Fwp%2Fv2%2Fmedia&parent=80"}],"curies":[{"name":"wp","href":"https:\/\/api.w.org\/{rel}","templated":true}]}}